{"id":3,"date":"2020-09-04T18:47:29","date_gmt":"2020-09-04T18:47:29","guid":{"rendered":"https:\/\/monverre.ca\/?page_id=3"},"modified":"2024-03-23T04:14:08","modified_gmt":"2024-03-23T04:14:08","slug":"politique-de-confidentialite","status":"publish","type":"page","link":"https:\/\/lab66.ca\/en\/politique-de-confidentialite\/","title":{"rendered":"Privacy Policy"},"content":{"rendered":"<p>[et_pb_section fb_built=\u00a0\u00bb1&Prime; admin_label=\u00a0\u00bbHero Section\u00a0\u00bb _builder_version=\u00a0\u00bb4.24.0&Prime; use_background_color_gradient=\u00a0\u00bbon\u00a0\u00bb background_color_gradient_stops=\u00a0\u00bbrgba(0,0,0,0.5) 0%|rgba(0,0,0,0) 100%\u00a0\u00bb background_color_gradient_start=\u00a0\u00bbrgba(0,0,0,0.5)\u00a0\u00bb background_color_gradient_end=\u00a0\u00bbrgba(0,0,0,0)\u00a0\u00bb background_image=\u00a0\u00bbhttps:\/\/lab66.ca\/wp-content\/uploads\/2024\/03\/Tampographie_Header-scaled.jpg\u00a0\u00bb parallax=\u00a0\u00bbon\u00a0\u00bb custom_margin=\u00a0\u00bb|||\u00a0\u00bb custom_padding=\u00a0\u00bb8%||8%|\u00a0\u00bb hover_enabled=\u00a0\u00bb0&Prime; locked=\u00a0\u00bboff\u00a0\u00bb global_colors_info=\u00a0\u00bb{}\u00a0\u00bb title_text=\u00a0\u00bbTampographie_Header\u00a0\u00bb sticky_enabled=\u00a0\u00bb0&Prime;][et_pb_row _builder_version=\u00a0\u00bb4.16&Prime; background_size=\u00a0\u00bbinitial\u00a0\u00bb background_position=\u00a0\u00bbtop_left\u00a0\u00bb background_repeat=\u00a0\u00bbrepeat\u00a0\u00bb global_colors_info=\u00a0\u00bb{}\u00a0\u00bb][et_pb_column type=\u00a0\u00bb4_4&Prime; _builder_version=\u00a0\u00bb4.16&Prime; custom_padding=\u00a0\u00bb|||\u00a0\u00bb global_colors_info=\u00a0\u00bb{}\u00a0\u00bb custom_padding__hover=\u00a0\u00bb|||\u00a0\u00bb][et_pb_text admin_label=\u00a0\u00bbTitle\u00a0\u00bb _builder_version=\u00a0\u00bb4.16&Prime; text_font=\u00a0\u00bbQuattrocento||||||||\u00a0\u00bb text_font_size=\u00a0\u00bb22px\u00a0\u00bb text_line_height=\u00a0\u00bb1em\u00a0\u00bb header_font=\u00a0\u00bbMontserrat|700||on|||||\u00a0\u00bb header_text_align=\u00a0\u00bbcenter\u00a0\u00bb header_font_size=\u00a0\u00bb80px\u00a0\u00bb header_line_height=\u00a0\u00bb1.1em\u00a0\u00bb text_orientation=\u00a0\u00bbcenter\u00a0\u00bb background_layout=\u00a0\u00bbdark\u00a0\u00bb max_width=\u00a0\u00bb800px\u00a0\u00bb module_alignment=\u00a0\u00bbcenter\u00a0\u00bb animation_style=\u00a0\u00bbslide\u00a0\u00bb animation_direction=\u00a0\u00bbtop\u00a0\u00bb animation_intensity_slide=\u00a0\u00bb3%\u00a0\u00bb animation_starting_opacity=\u00a0\u00bb100%\u00a0\u00bb header_font_size_tablet=\u00a0\u00bb40px\u00a0\u00bb header_font_size_phone=\u00a0\u00bb\u00a0\u00bb header_font_size_last_edited=\u00a0\u00bbon|tablet\u00a0\u00bb inline_fonts=\u00a0\u00bbMontserrat\u00a0\u00bb global_colors_info=\u00a0\u00bb{}\u00a0\u00bb]<\/p>\n<h1><span style=\"font-family: Montserrat;\">Privacy Policy<\/span><\/h1>\n<p>[\/et_pb_text][\/et_pb_column][\/et_pb_row][\/et_pb_section][et_pb_section fb_built=\u00a0\u00bb1&Prime; _builder_version=\u00a0\u00bb4.16&Prime; global_colors_info=\u00a0\u00bb{}\u00a0\u00bb][et_pb_row _builder_version=\u00a0\u00bb4.16&Prime; background_size=\u00a0\u00bbinitial\u00a0\u00bb background_position=\u00a0\u00bbtop_left\u00a0\u00bb background_repeat=\u00a0\u00bbrepeat\u00a0\u00bb global_colors_info=\u00a0\u00bb{}\u00a0\u00bb][et_pb_column type=\u00a0\u00bb4_4&Prime; _builder_version=\u00a0\u00bb4.16&Prime; custom_padding=\u00a0\u00bb|||\u00a0\u00bb global_colors_info=\u00a0\u00bb{}\u00a0\u00bb custom_padding__hover=\u00a0\u00bb|||\u00a0\u00bb][et_pb_text _builder_version=\u00a0\u00bb4.24.0&Prime; background_size=\u00a0\u00bbinitial\u00a0\u00bb background_position=\u00a0\u00bbtop_left\u00a0\u00bb background_repeat=\u00a0\u00bbrepeat\u00a0\u00bb hover_enabled=\u00a0\u00bb0&Prime; global_colors_info=\u00a0\u00bb{}\u00a0\u00bb sticky_enabled=\u00a0\u00bb0&Prime;]<\/p>\n<p>&nbsp;<\/p>\n<p><span style=\"color: #000000; font-size: large;\"><strong>Privacy Policy<\/strong><\/span><\/p>\n<p><span style=\"color: #000000;\">La pr\u00e9sente Politique de confidentialit\u00e9 r\u00e9git la mani\u00e8re dont Lab66 collecte, utilise, maintient et divulgue les informations collect\u00e9es aupr\u00e8s des utilisateurs (chacun, un \u00ab\u00a0Utilisateur\u00a0\u00bb) du site web <a target=\"_new\" href=\"https:\/\/lab66.ca\/en\/\" style=\"color: #000000;\" rel=\"noopener\">https:\/\/lab66.ca\/<\/a> (\u00ab\u00a0Site\u00a0\u00bb). Cette politique de confidentialit\u00e9 s&rsquo;applique au site et \u00e0 tous les produits et services offerts par Lab66.<\/span><\/p>\n<p><span style=\"color: #000000; font-size: large;\"><strong>Informations personnelles d&rsquo;identification<\/strong><\/span><\/p>\n<p><span style=\"color: #000000;\">Nous pouvons collecter des informations personnelles d&rsquo;identification des Utilisateurs de diff\u00e9rentes mani\u00e8res, notamment, mais sans s&rsquo;y limiter, lorsque les Utilisateurs visitent notre site, s&rsquo;inscrivent sur le site, passent une commande, remplissent un formulaire, et en relation avec d&rsquo;autres activit\u00e9s, services, fonctionnalit\u00e9s ou ressources que nous mettons \u00e0 disposition sur notre Site. Les Utilisateurs peuvent \u00eatre invit\u00e9s \u00e0 fournir leur nom, leur adresse e-mail, leur adresse postale, leur num\u00e9ro de t\u00e9l\u00e9phone, et d&rsquo;autres informations.<\/span><\/p>\n<p><span style=\"color: #000000; font-size: large;\"><strong>Utilisation des informations collect\u00e9es<\/strong><\/span><\/p>\n<p><span style=\"color: #000000;\">Lab66 collecte et utilise les informations personnelles des Utilisateurs pour les objectifs suivants:<\/span><\/p>\n<ul>\n<li><span style=\"color: #000000;\">Pour am\u00e9liorer le service client : Les informations que vous fournissez nous aident \u00e0 r\u00e9pondre \u00e0 vos demandes de service client et \u00e0 vos besoins de mani\u00e8re plus efficace.<\/span><\/li>\n<li><span style=\"color: #000000;\">Pour personnaliser l&rsquo;exp\u00e9rience utilisateur : Nous pouvons utiliser les informations dans leur ensemble pour comprendre comment nos Utilisateurs utilisent les services et ressources fournis sur notre Site.<\/span><\/li>\n<li><span style=\"color: #000000;\">Pour traiter les paiements : Nous pouvons utiliser les informations fournies par les Utilisateurs lorsqu&rsquo;ils passent une commande uniquement pour fournir le service \u00e0 cette commande. Nous ne partageons pas ces informations avec des tiers, sauf dans la mesure n\u00e9cessaire pour fournir le service.<\/span><\/li>\n<\/ul>\n<p><span style=\"color: #000000; font-size: large;\"><strong>Protection des informations<\/strong><\/span><\/p>\n<p><span style=\"color: #000000;\">Nous adoptons des pratiques de collecte, de stockage et de traitement des donn\u00e9es appropri\u00e9es et des mesures de s\u00e9curit\u00e9 pour prot\u00e9ger contre l&rsquo;acc\u00e8s non autoris\u00e9, l&rsquo;alt\u00e9ration, la divulgation ou la destruction des informations personnelles d&rsquo;identification, de nom d&rsquo;utilisateur, de mot de passe, d&rsquo;informations de transaction et de donn\u00e9es stock\u00e9es sur notre Site.<\/span><\/p>\n<p><span style=\"color: #000000; font-size: large;\"><strong>Partage de vos informations personnelles<\/strong><\/span><\/p>\n<p><span style=\"color: #000000;\">Nous ne vendons, ne louons et n&rsquo;\u00e9changeons pas les informations personnelles des Utilisateurs \u00e0 des tiers. Nous pouvons partager des informations d\u00e9mographiques agr\u00e9g\u00e9es g\u00e9n\u00e9rales et non li\u00e9es \u00e0 des informations personnelles d&rsquo;identification concernant les visiteurs et les utilisateurs avec nos partenaires commerciaux, partenaires de confiance et annonceurs \u00e0 des fins d\u00e9crites ci-dessus.<\/span><\/p>\n<p><span style=\"color: #000000; font-size: large;\"><strong>Conformit\u00e9 \u00e0 la loi sur la protection de la vie priv\u00e9e en ligne des enfants<\/strong><\/span><\/p>\n<p><span style=\"color: #000000;\">Prot\u00e9ger la vie priv\u00e9e des tr\u00e8s jeunes est particuli\u00e8rement important. Pour cette raison, nous ne collectons ni ne conservons jamais d&rsquo;informations sur notre Site provenant de personnes que nous savons \u00eatre \u00e2g\u00e9es de moins de 13 ans, et aucune partie de notre site Web n&rsquo;est structur\u00e9e pour attirer quiconque de moins de 13 ans.<\/span><\/p>\n<p><span style=\"color: #000000; font-size: large;\"><strong>Modification de cette politique de confidentialit\u00e9<\/strong><\/span><\/p>\n<p><span style=\"color: #000000;\">Lab66 se r\u00e9serve le droit de mettre \u00e0 jour cette politique de confidentialit\u00e9 \u00e0 tout moment. Nous encourageons les Utilisateurs \u00e0 consulter fr\u00e9quemment cette page pour rester inform\u00e9s sur la mani\u00e8re dont nous aidons \u00e0 prot\u00e9ger les informations personnelles que nous collectons. Vous reconnaissez et acceptez qu&rsquo;il est de votre responsabilit\u00e9 de revoir cette politique de confidentialit\u00e9 p\u00e9riodiquement et de prendre connaissance des modifications.<\/span><\/p>\n<p><span style=\"color: #000000; font-size: large;\"><strong>Votre acceptation de ces termes<\/strong><\/span><\/p>\n<p><span style=\"color: #000000;\">En utilisant ce Site, vous signifiez votre acceptation de cette politique et des termes de service. Si vous n&rsquo;acceptez pas cette politique, veuillez ne pas utiliser notre Site. Votre utilisation continue du Site apr\u00e8s la publication de modifications de cette politique sera consid\u00e9r\u00e9e comme votre acceptation de ces modifications.<\/span><\/p>\n<p><span style=\"color: #000000; font-size: large;\"><strong>Nous contacter<\/strong><\/span><\/p>\n<p><span style=\"color: #000000;\">Si vous avez des questions concernant cette Politique de confidentialit\u00e9, les pratiques de ce site, ou vos interactions avec ce site, veuillez nous contacter \u00e0:<\/span><\/p>\n<p><span style=\"color: #000000;\">Lab66<\/span><br \/><span style=\"color: #000000;\"><a target=\"_new\" href=\"https:\/\/lab66.ca\/en\/\" style=\"color: #000000;\" rel=\"noopener\">www.lab66.ca<\/a><\/span><br \/><span style=\"color: #000000;\">Saint-Georges<\/span><br \/><span style=\"color: #000000;\">info@lab66.ca<\/span><br \/><span style=\"color: #000000;\">418 313-3501<\/span><\/p>\n<p><span style=\"color: #000000;\">Cette politique a \u00e9t\u00e9 mise \u00e0 jour le 23 mars 2024.<\/span><\/p>\n<p>&nbsp;<\/p>\n<p><span style=\"color: rgba(255, 255, 255, 0);\"><!-- \/divi:heading --><\/span><\/p>\n<p>[\/et_pb_text][\/et_pb_column][\/et_pb_row][\/et_pb_section]<\/p>","protected":false},"excerpt":{"rendered":"<p>Politique de confidentialit\u00e9&nbsp; Politique de confidentialit\u00e9 La pr\u00e9sente Politique de confidentialit\u00e9 r\u00e9git la mani\u00e8re dont Lab66 collecte, utilise, maintient et divulgue les informations collect\u00e9es aupr\u00e8s des utilisateurs (chacun, un \u00ab\u00a0Utilisateur\u00a0\u00bb) du site web https:\/\/lab66.ca\/ (\u00ab\u00a0Site\u00a0\u00bb). Cette politique de confidentialit\u00e9 s&rsquo;applique au site et \u00e0 tous les produits et services offerts par Lab66. Informations personnelles d&rsquo;identification [&hellip;]<\/p>","protected":false},"author":1,"featured_media":0,"parent":0,"menu_order":0,"comment_status":"closed","ping_status":"open","template":"","meta":{"_et_pb_use_builder":"on","_et_pb_old_content":"<!-- wp:heading -->\n<h2>Who we are<\/h2>\n<!-- \/wp:heading -->\n\n<!-- wp:paragraph -->\n<p>Our website address is: https:\/\/lab66.ca.<\/p>\n<!-- \/wp:paragraph -->\n\n<!-- wp:heading -->\n<h2>What personal data we collect and why we collect it<\/h2>\n<!-- \/wp:heading -->\n\n<!-- wp:heading {\"level\":3} -->\n<h3>Comments<\/h3>\n<!-- \/wp:heading -->\n\n<!-- wp:paragraph -->\n<p>When visitors leave comments on the site we collect the data shown in the comments form, and also the visitor\u2019s IP address and browser user agent string to help spam detection.<\/p>\n<!-- \/wp:paragraph -->\n\n<!-- wp:paragraph -->\n<p>An anonymized string created from your email address (also called a hash) may be provided to the Gravatar service to see if you are using it. The Gravatar service privacy policy is available here: https:\/\/automattic.com\/privacy\/. After approval of your comment, your profile picture is visible to the public in the context of your comment.<\/p>\n<!-- \/wp:paragraph -->\n\n<!-- wp:heading {\"level\":3} -->\n<h3>Media<\/h3>\n<!-- \/wp:heading -->\n\n<!-- wp:paragraph -->\n<p>If you upload images to the website, you should avoid uploading images with embedded location data (EXIF GPS) included. Visitors to the website can download and extract any location data from images on the website.<\/p>\n<!-- \/wp:paragraph -->\n\n<!-- wp:heading {\"level\":3} -->\n<h3>Contact forms<\/h3>\n<!-- \/wp:heading -->\n\n<!-- wp:heading {\"level\":3} -->\n<h3>Cookies<\/h3>\n<!-- \/wp:heading -->\n\n<!-- wp:paragraph -->\n<p>If you leave a comment on our site you may opt-in to saving your name, email address and website in cookies. These are for your convenience so that you do not have to fill in your details again when you leave another comment. These cookies will last for one year.<\/p>\n<!-- \/wp:paragraph -->\n\n<!-- wp:paragraph -->\n<p>If you visit our login page, we will set a temporary cookie to determine if your browser accepts cookies. This cookie contains no personal data and is discarded when you close your browser.<\/p>\n<!-- \/wp:paragraph -->\n\n<!-- wp:paragraph -->\n<p>When you log in, we will also set up several cookies to save your login information and your screen display choices. Login cookies last for two days, and screen options cookies last for a year. If you select \"Remember Me\", your login will persist for two weeks. If you log out of your account, the login cookies will be removed.<\/p>\n<!-- \/wp:paragraph -->\n\n<!-- wp:paragraph -->\n<p>If you edit or publish an article, an additional cookie will be saved in your browser. This cookie includes no personal data and simply indicates the post ID of the article you just edited. It expires after 1 day.<\/p>\n<!-- \/wp:paragraph -->\n\n<!-- wp:heading {\"level\":3} -->\n<h3>Embedded content from other websites<\/h3>\n<!-- \/wp:heading -->\n\n<!-- wp:paragraph -->\n<p>Articles on this site may include embedded content (e.g. videos, images, articles, etc.). Embedded content from other websites behaves in the exact same way as if the visitor has visited the other website.<\/p>\n<!-- \/wp:paragraph -->\n\n<!-- wp:paragraph -->\n<p>These websites may collect data about you, use cookies, embed additional third-party tracking, and monitor your interaction with that embedded content, including tracking your interaction with the embedded content if you have an account and are logged in to that website.<\/p>\n<!-- \/wp:paragraph -->\n\n<!-- wp:heading {\"level\":3} -->\n<h3>Analytics<\/h3>\n<!-- \/wp:heading -->\n\n<!-- wp:heading -->\n<h2>Who we share your data with<\/h2>\n<!-- \/wp:heading -->\n\n<!-- wp:heading -->\n<h2>How long we retain your data<\/h2>\n<!-- \/wp:heading -->\n\n<!-- wp:paragraph -->\n<p>If you leave a comment, the comment and its metadata are retained indefinitely. This is so we can recognize and approve any follow-up comments automatically instead of holding them in a moderation queue.<\/p>\n<!-- \/wp:paragraph -->\n\n<!-- wp:paragraph -->\n<p>For users that register on our website (if any), we also store the personal information they provide in their user profile. All users can see, edit, or delete their personal information at any time (except they cannot change their username). Website administrators can also see and edit that information.<\/p>\n<!-- \/wp:paragraph -->\n\n<!-- wp:heading -->\n<h2>What rights you have over your data<\/h2>\n<!-- \/wp:heading -->\n\n<!-- wp:paragraph -->\n<p>If you have an account on this site, or have left comments, you can request to receive an exported file of the personal data we hold about you, including any data you have provided to us. You can also request that we erase any personal data we hold about you. This does not include any data we are obliged to keep for administrative, legal, or security purposes.<\/p>\n<!-- \/wp:paragraph -->\n\n<!-- wp:heading -->\n<h2>Where we send your data<\/h2>\n<!-- \/wp:heading -->\n\n<!-- wp:paragraph -->\n<p>Visitor comments may be checked through an automated spam detection service.<\/p>\n<!-- \/wp:paragraph -->\n\n<!-- wp:heading -->\n<h2>Your contact information<\/h2>\n<!-- \/wp:heading -->\n\n<!-- wp:heading -->\n<h2>Additional information<\/h2>\n<!-- \/wp:heading -->\n\n<!-- wp:heading {\"level\":3} -->\n<h3>How we protect your data<\/h3>\n<!-- \/wp:heading -->\n\n<!-- wp:heading {\"level\":3} -->\n<h3>What data breach procedures we have in place<\/h3>\n<!-- \/wp:heading -->\n\n<!-- wp:heading {\"level\":3} -->\n<h3>What third parties we receive data from<\/h3>\n<!-- \/wp:heading -->\n\n<!-- wp:heading {\"level\":3} -->\n<h3>What automated decision making and\/or profiling we do with user data<\/h3>\n<!-- \/wp:heading -->\n\n<!-- wp:heading {\"level\":3} -->\n<h3>Industry regulatory disclosure requirements<\/h3>\n<!-- \/wp:heading -->","_et_gb_content_width":"","footnotes":""},"class_list":["post-3","page","type-page","status-publish","hentry"],"yoast_head":"<!-- This site is optimized with the Yoast SEO plugin v24.2 - https:\/\/yoast.com\/wordpress\/plugins\/seo\/ -->\n<title>Politique de confidentialit\u00e9 - Lab66<\/title>\n<meta name=\"robots\" content=\"index, follow, max-snippet:-1, max-image-preview:large, max-video-preview:-1\" \/>\n<link rel=\"canonical\" href=\"https:\/\/lab66.ca\/en\/politique-de-confidentialite\/\" \/>\n<meta property=\"og:locale\" content=\"en_US\" \/>\n<meta property=\"og:type\" content=\"article\" \/>\n<meta property=\"og:title\" content=\"Politique de confidentialit\u00e9 - Lab66\" \/>\n<meta property=\"og:description\" content=\"Politique de confidentialit\u00e9&nbsp; Politique de confidentialit\u00e9 La pr\u00e9sente Politique de confidentialit\u00e9 r\u00e9git la mani\u00e8re dont Lab66 collecte, utilise, maintient et divulgue les informations collect\u00e9es aupr\u00e8s des utilisateurs (chacun, un &quot;Utilisateur&quot;) du site web https:\/\/lab66.ca\/ (&quot;Site&quot;). Cette politique de confidentialit\u00e9 s&#039;applique au site et \u00e0 tous les produits et services offerts par Lab66. Informations personnelles d&#039;identification [&hellip;]\" \/>\n<meta property=\"og:url\" content=\"https:\/\/lab66.ca\/en\/politique-de-confidentialite\/\" \/>\n<meta property=\"og:site_name\" content=\"Lab66\" \/>\n<meta property=\"article:publisher\" content=\"https:\/\/www.facebook.com\/profile.php?id=61553898434792\" \/>\n<meta property=\"article:modified_time\" content=\"2024-03-23T04:14:08+00:00\" \/>\n<meta name=\"twitter:card\" content=\"summary_large_image\" \/>\n<meta name=\"twitter:site\" content=\"@lab66dotca\" \/>\n<meta name=\"twitter:label1\" content=\"Est. reading time\" \/>\n\t<meta name=\"twitter:data1\" content=\"4 minutes\" \/>\n<script type=\"application\/ld+json\" class=\"yoast-schema-graph\">{\"@context\":\"https:\/\/schema.org\",\"@graph\":[{\"@type\":\"WebPage\",\"@id\":\"https:\/\/lab66.ca\/politique-de-confidentialite\/\",\"url\":\"https:\/\/lab66.ca\/politique-de-confidentialite\/\",\"name\":\"Politique de confidentialit\u00e9 - Lab66\",\"isPartOf\":{\"@id\":\"https:\/\/lab66.ca\/#website\"},\"datePublished\":\"2020-09-04T18:47:29+00:00\",\"dateModified\":\"2024-03-23T04:14:08+00:00\",\"breadcrumb\":{\"@id\":\"https:\/\/lab66.ca\/politique-de-confidentialite\/#breadcrumb\"},\"inLanguage\":\"en-US\",\"potentialAction\":[{\"@type\":\"ReadAction\",\"target\":[\"https:\/\/lab66.ca\/politique-de-confidentialite\/\"]}]},{\"@type\":\"BreadcrumbList\",\"@id\":\"https:\/\/lab66.ca\/politique-de-confidentialite\/#breadcrumb\",\"itemListElement\":[{\"@type\":\"ListItem\",\"position\":1,\"name\":\"Home\",\"item\":\"https:\/\/lab66.ca\/\"},{\"@type\":\"ListItem\",\"position\":2,\"name\":\"Politique de confidentialit\u00e9\"}]},{\"@type\":\"WebSite\",\"@id\":\"https:\/\/lab66.ca\/#website\",\"url\":\"https:\/\/lab66.ca\/\",\"name\":\"Lab66\",\"description\":\"TAMPOGRAPHIE SUR MESURE Impression sur verre, plastique, bois, m\u00e9tal et composite\",\"publisher\":{\"@id\":\"https:\/\/lab66.ca\/#organization\"},\"potentialAction\":[{\"@type\":\"SearchAction\",\"target\":{\"@type\":\"EntryPoint\",\"urlTemplate\":\"https:\/\/lab66.ca\/?s={search_term_string}\"},\"query-input\":{\"@type\":\"PropertyValueSpecification\",\"valueRequired\":true,\"valueName\":\"search_term_string\"}}],\"inLanguage\":\"en-US\"},{\"@type\":\"Organization\",\"@id\":\"https:\/\/lab66.ca\/#organization\",\"name\":\"Lab66\",\"url\":\"https:\/\/lab66.ca\/\",\"logo\":{\"@type\":\"ImageObject\",\"inLanguage\":\"en-US\",\"@id\":\"https:\/\/lab66.ca\/#\/schema\/logo\/image\/\",\"url\":\"https:\/\/lab66.ca\/wp-content\/uploads\/2024\/03\/2023-LAB66-V-K-1.png\",\"contentUrl\":\"https:\/\/lab66.ca\/wp-content\/uploads\/2024\/03\/2023-LAB66-V-K-1.png\",\"width\":1500,\"height\":1500,\"caption\":\"Lab66\"},\"image\":{\"@id\":\"https:\/\/lab66.ca\/#\/schema\/logo\/image\/\"},\"sameAs\":[\"https:\/\/www.facebook.com\/profile.php?id=61553898434792\",\"https:\/\/x.com\/lab66dotca\",\"https:\/\/www.instagram.com\/lab66.ca\/\"]}]}<\/script>\n<!-- \/ Yoast SEO plugin. -->","yoast_head_json":{"title":"Politique de confidentialit\u00e9 - Lab66","robots":{"index":"index","follow":"follow","max-snippet":"max-snippet:-1","max-image-preview":"max-image-preview:large","max-video-preview":"max-video-preview:-1"},"canonical":"https:\/\/lab66.ca\/en\/politique-de-confidentialite\/","og_locale":"en_US","og_type":"article","og_title":"Politique de confidentialit\u00e9 - Lab66","og_description":"Politique de confidentialit\u00e9&nbsp; Politique de confidentialit\u00e9 La pr\u00e9sente Politique de confidentialit\u00e9 r\u00e9git la mani\u00e8re dont Lab66 collecte, utilise, maintient et divulgue les informations collect\u00e9es aupr\u00e8s des utilisateurs (chacun, un \"Utilisateur\") du site web https:\/\/lab66.ca\/ (\"Site\"). Cette politique de confidentialit\u00e9 s'applique au site et \u00e0 tous les produits et services offerts par Lab66. Informations personnelles d'identification [&hellip;]","og_url":"https:\/\/lab66.ca\/en\/politique-de-confidentialite\/","og_site_name":"Lab66","article_publisher":"https:\/\/www.facebook.com\/profile.php?id=61553898434792","article_modified_time":"2024-03-23T04:14:08+00:00","twitter_card":"summary_large_image","twitter_site":"@lab66dotca","twitter_misc":{"Est. reading time":"4 minutes"},"schema":{"@context":"https:\/\/schema.org","@graph":[{"@type":"WebPage","@id":"https:\/\/lab66.ca\/politique-de-confidentialite\/","url":"https:\/\/lab66.ca\/politique-de-confidentialite\/","name":"Politique de confidentialit\u00e9 - Lab66","isPartOf":{"@id":"https:\/\/lab66.ca\/#website"},"datePublished":"2020-09-04T18:47:29+00:00","dateModified":"2024-03-23T04:14:08+00:00","breadcrumb":{"@id":"https:\/\/lab66.ca\/politique-de-confidentialite\/#breadcrumb"},"inLanguage":"en-US","potentialAction":[{"@type":"ReadAction","target":["https:\/\/lab66.ca\/politique-de-confidentialite\/"]}]},{"@type":"BreadcrumbList","@id":"https:\/\/lab66.ca\/politique-de-confidentialite\/#breadcrumb","itemListElement":[{"@type":"ListItem","position":1,"name":"Home","item":"https:\/\/lab66.ca\/"},{"@type":"ListItem","position":2,"name":"Politique de confidentialit\u00e9"}]},{"@type":"WebSite","@id":"https:\/\/lab66.ca\/#website","url":"https:\/\/lab66.ca\/","name":"Lab66","description":"TAMPOGRAPHIE SUR MESURE Impression sur verre, plastique, bois, m\u00e9tal et composite","publisher":{"@id":"https:\/\/lab66.ca\/#organization"},"potentialAction":[{"@type":"SearchAction","target":{"@type":"EntryPoint","urlTemplate":"https:\/\/lab66.ca\/?s={search_term_string}"},"query-input":{"@type":"PropertyValueSpecification","valueRequired":true,"valueName":"search_term_string"}}],"inLanguage":"en-US"},{"@type":"Organization","@id":"https:\/\/lab66.ca\/#organization","name":"Lab66","url":"https:\/\/lab66.ca\/","logo":{"@type":"ImageObject","inLanguage":"en-US","@id":"https:\/\/lab66.ca\/#\/schema\/logo\/image\/","url":"https:\/\/lab66.ca\/wp-content\/uploads\/2024\/03\/2023-LAB66-V-K-1.png","contentUrl":"https:\/\/lab66.ca\/wp-content\/uploads\/2024\/03\/2023-LAB66-V-K-1.png","width":1500,"height":1500,"caption":"Lab66"},"image":{"@id":"https:\/\/lab66.ca\/#\/schema\/logo\/image\/"},"sameAs":["https:\/\/www.facebook.com\/profile.php?id=61553898434792","https:\/\/x.com\/lab66dotca","https:\/\/www.instagram.com\/lab66.ca\/"]}]}},"_links":{"self":[{"href":"https:\/\/lab66.ca\/en\/wp-json\/wp\/v2\/pages\/3","targetHints":{"allow":["GET"]}}],"collection":[{"href":"https:\/\/lab66.ca\/en\/wp-json\/wp\/v2\/pages"}],"about":[{"href":"https:\/\/lab66.ca\/en\/wp-json\/wp\/v2\/types\/page"}],"author":[{"embeddable":true,"href":"https:\/\/lab66.ca\/en\/wp-json\/wp\/v2\/users\/1"}],"replies":[{"embeddable":true,"href":"https:\/\/lab66.ca\/en\/wp-json\/wp\/v2\/comments?post=3"}],"version-history":[{"count":8,"href":"https:\/\/lab66.ca\/en\/wp-json\/wp\/v2\/pages\/3\/revisions"}],"predecessor-version":[{"id":688,"href":"https:\/\/lab66.ca\/en\/wp-json\/wp\/v2\/pages\/3\/revisions\/688"}],"wp:attachment":[{"href":"https:\/\/lab66.ca\/en\/wp-json\/wp\/v2\/media?parent=3"}],"curies":[{"name":"wp","href":"https:\/\/api.w.org\/{rel}","templated":true}]}}